{"id":28,"date":"2022-01-18T20:32:10","date_gmt":"2022-01-18T20:32:10","guid":{"rendered":"http:\/\/195.67.6.132\/?page_id=28"},"modified":"2022-02-08T19:41:19","modified_gmt":"2022-02-08T19:41:19","slug":"hem","status":"publish","type":"page","link":"http:\/\/www.stpdk.org\/","title":{"rendered":"Hem"},"content":{"rendered":"\n<p>Stora P\u00f6lsans Dykarklubb (StPDK) bildades 2002 av ett antal vrakintresserade dykare utbildade inom avancerad dykning. D\u00e5 i stort sett samtliga vrak p\u00e5 v\u00e4stkusten ligger ute p\u00e5 \u00f6ppet hav s\u00e5 var det mycket sv\u00e5rt att som enskild dykare ta sig ut till dessa eftersom inga kommersiella dykcenter k\u00f6r n\u00e5gra utf\u00e4rder dit. Enda l\u00f6sningen blev s\u00e5lunda att organisera sig i en klubb och ordna verksamheten sj\u00e4lva. Snart uppt\u00e4cktes \u00e4ven andra f\u00f6rdelar med att bedriva avancerad dykning i klubbform, s\u00e5som tex. gasfyllning, utrustningsink\u00f6p etc.<\/p>\n\n\n\n<figure class=\"wp-block-image size-full is-style-default\"><img loading=\"lazy\" decoding=\"async\" width=\"800\" height=\"508\" src=\"http:\/\/195.67.6.132\/wp-content\/uploads\/2022\/02\/vrak1.jpg\" alt=\"\" class=\"wp-image-90\" srcset=\"http:\/\/www.stpdk.org\/wp-content\/uploads\/2022\/02\/vrak1.jpg 800w, http:\/\/www.stpdk.org\/wp-content\/uploads\/2022\/02\/vrak1-300x191.jpg 300w, http:\/\/www.stpdk.org\/wp-content\/uploads\/2022\/02\/vrak1-768x488.jpg 768w\" sizes=\"auto, (max-width: 800px) 100vw, 800px\" \/><\/figure>\n\n\n\n<p>Klubben v\u00e4xte snart och har idag drygt 80 medlemmar fr\u00e5n G\u00f6teborgsomr\u00e5det, men \u00e4ven fr\u00e5n \u00f6vriga landet.<\/p>\n\n\n\n<p>Klubbens huvudsakliga verksamhet och syfte \u00e4r att fr\u00e4mja medlemmarnas m\u00f6jlighet att genomf\u00f6ra vrakdykning i och utanf\u00f6r G\u00f6teborgs sk\u00e4rg\u00e5rd. Grundtanken med klubben \u00e4r att organisera dykning p\u00e5 annars sv\u00e5rtillg\u00e4ngliga vrak med god s\u00e4kerhet och med ett minimum av administrativt arbete. Det senare inneb\u00e4r att vi f\u00f6rs\u00f6ker vara s\u00e5 informella som m\u00f6jligt och inte kr\u00e5ngla till det i on\u00f6dan. Vi \u00e4r en klubb som \u00e4r inriktad p\u00e5 dykning, inte styrelsem\u00f6ten och kommitt\u00e9er.<\/p>\n\n\n\n<figure class=\"wp-block-image size-full is-style-default\"><img loading=\"lazy\" decoding=\"async\" width=\"800\" height=\"532\" src=\"http:\/\/195.67.6.132\/wp-content\/uploads\/2022\/02\/Westfalen-3d.jpg\" alt=\"\" class=\"wp-image-87\" srcset=\"http:\/\/www.stpdk.org\/wp-content\/uploads\/2022\/02\/Westfalen-3d.jpg 800w, http:\/\/www.stpdk.org\/wp-content\/uploads\/2022\/02\/Westfalen-3d-300x200.jpg 300w, http:\/\/www.stpdk.org\/wp-content\/uploads\/2022\/02\/Westfalen-3d-768x511.jpg 768w\" sizes=\"auto, (max-width: 800px) 100vw, 800px\" \/><\/figure>\n\n\n\n<p>Merparten av klubbens utf\u00e4rder sker fr\u00e5n \u00d6cker\u00f6 med dykb\u00e5ten Kongo. B\u00e5ten drivs av klubbmedlemmar i en ekonomisk f\u00f6rening.<\/p>\n\n\n\n<figure class=\"wp-block-image size-full is-resized is-style-default\"><img loading=\"lazy\" decoding=\"async\" src=\"http:\/\/195.67.6.132\/wp-content\/uploads\/2022\/02\/Kongo-01.jpg\" alt=\"\" class=\"wp-image-92\" width=\"608\" height=\"317\" srcset=\"http:\/\/www.stpdk.org\/wp-content\/uploads\/2022\/02\/Kongo-01.jpg 526w, http:\/\/www.stpdk.org\/wp-content\/uploads\/2022\/02\/Kongo-01-300x156.jpg 300w\" sizes=\"auto, (max-width: 608px) 100vw, 608px\" \/><\/figure>\n\n\n\n<h2 class=\"wp-block-heading\" id=\"vada-vilken-polsa\">Vad\u00e5, vilken p\u00f6lsa?<\/h2>\n\n\n\n<p>Stora P\u00f6lsan \u00e4r den \u00f6 och fyr som \u00e4r sista kontakten med land n\u00e4r vi st\u00e4var ut p\u00e5 v\u00e4sterhavet f\u00f6r att g\u00f6ra vrakdyk. Fyren fr\u00e5n 1934 \u00e4r ett n\u00e4stan 10 meter h\u00f6gt torn i havsbandet mellan Vinga och H\u00e4tteberget.<\/p>\n\n\n\n<figure class=\"wp-block-image\"><img decoding=\"async\" src=\"http:\/\/stpdk.org\/uploads\/storapolsan.jpg\" alt=\"\"\/><\/figure>\n\n\n\n<p>Namnet blev riksbekant 1943&nbsp;n\u00e4r ub\u00e5ten Ulven f\u00f6rsvann i ett av de&nbsp;minf\u00e4lt som sk\u00e4nkt oss n\u00e5gra av v\u00e5ra dykm\u00e5l. S\u00f6kandet efter Ulven p\u00e5gick i flera dagar och blev en riksangel\u00e4genhet och ub\u00e5tsr\u00e4ddningspiketen sysselsatte som mest ca 1500 man och ca 80 fartyg och b\u00e5tar. Ub\u00e5ten b\u00e4rgades efter n\u00e5gra m\u00e5nader och samtliga ombord befanns omkomna. Best\u00e4ttningen begravdes p\u00e5 Nya Varvets Kyrkog\u00e5rd d\u00e4r man fortfarande kan se den stora minnesstenen.<\/p>\n","protected":false},"excerpt":{"rendered":"<p>Stora P\u00f6lsans Dykarklubb (StPDK) bildades 2002 av ett antal vrakintresserade dykare utbildade inom avancerad dykning. D\u00e5 i stort sett samtliga vrak p\u00e5 v\u00e4stkusten ligger ute p\u00e5 \u00f6ppet hav s\u00e5 var det mycket sv\u00e5rt att som enskild dykare ta sig ut till dessa eftersom inga kommersiella dykcenter k\u00f6r n\u00e5gra utf\u00e4rder dit. Enda l\u00f6sningen blev s\u00e5lunda att&hellip; <a class=\"more-link\" href=\"http:\/\/www.stpdk.org\/\">Continue reading <span class=\"screen-reader-text\">Hem<\/span><\/a><\/p>\n","protected":false},"author":1,"featured_media":0,"parent":0,"menu_order":0,"comment_status":"closed","ping_status":"closed","template":"","meta":{"footnotes":""},"class_list":["post-28","page","type-page","status-publish","hentry","entry"],"_links":{"self":[{"href":"http:\/\/www.stpdk.org\/index.php?rest_route=\/wp\/v2\/pages\/28","targetHints":{"allow":["GET"]}}],"collection":[{"href":"http:\/\/www.stpdk.org\/index.php?rest_route=\/wp\/v2\/pages"}],"about":[{"href":"http:\/\/www.stpdk.org\/index.php?rest_route=\/wp\/v2\/types\/page"}],"author":[{"embeddable":true,"href":"http:\/\/www.stpdk.org\/index.php?rest_route=\/wp\/v2\/users\/1"}],"replies":[{"embeddable":true,"href":"http:\/\/www.stpdk.org\/index.php?rest_route=%2Fwp%2Fv2%2Fcomments&post=28"}],"version-history":[{"count":5,"href":"http:\/\/www.stpdk.org\/index.php?rest_route=\/wp\/v2\/pages\/28\/revisions"}],"predecessor-version":[{"id":99,"href":"http:\/\/www.stpdk.org\/index.php?rest_route=\/wp\/v2\/pages\/28\/revisions\/99"}],"wp:attachment":[{"href":"http:\/\/www.stpdk.org\/index.php?rest_route=%2Fwp%2Fv2%2Fmedia&parent=28"}],"curies":[{"name":"wp","href":"https:\/\/api.w.org\/{rel}","templated":true}]}}