{"id":63,"date":"2022-01-18T21:35:21","date_gmt":"2022-01-18T21:35:21","guid":{"rendered":"http:\/\/195.67.6.132\/?page_id=63"},"modified":"2022-01-18T21:35:21","modified_gmt":"2022-01-18T21:35:21","slug":"utbildning","status":"publish","type":"page","link":"http:\/\/www.stpdk.org\/?page_id=63","title":{"rendered":"Utbildning"},"content":{"rendered":"\n<p><strong>Dykutbildning i Stora p\u00f6lsans DK<\/strong><br>Stora p\u00f6lsans nuvarande inrikting \u00e4r lite mer avancerad dykning och d\u00e4rmed har vi valt att i dagsl\u00e4get inte h\u00e5lla n\u00e5gra nyb\u00f6rjarkurser (CMAS\/SSDF enstj\u00e4rnig kurs) samt forts\u00e4ttningsutbildningar (CMAS\/SSDF tv\u00e5stj\u00e4rnig kurs). Utbildningsfokus har vi valt att l\u00e4gga p\u00e5 specialkurser och instrukt\u00f6rsutbildningar.<\/p>\n\n\n\n<p>Klubben har ett stort antal medlemmar som \u00e4r instrukt\u00f6rer vilket g\u00f6r det m\u00f6jligt att f\u00f6rmedla l\u00e4mpliga kontakter om man vill prova att g\u00e5 en kurs inom ett annat utbildningssystem som tex PADI eller IANTD.<\/p>\n\n\n\n<p>F\u00f6rn\u00e4rvarande finns inga utbildningar planerade.<\/p>\n","protected":false},"excerpt":{"rendered":"<p>Dykutbildning i Stora p\u00f6lsans DKStora p\u00f6lsans nuvarande inrikting \u00e4r lite mer avancerad dykning och d\u00e4rmed har vi valt att i dagsl\u00e4get inte h\u00e5lla n\u00e5gra nyb\u00f6rjarkurser (CMAS\/SSDF enstj\u00e4rnig kurs) samt forts\u00e4ttningsutbildningar (CMAS\/SSDF tv\u00e5stj\u00e4rnig kurs). Utbildningsfokus har vi valt att l\u00e4gga p\u00e5 specialkurser och instrukt\u00f6rsutbildningar. Klubben har ett stort antal medlemmar som \u00e4r instrukt\u00f6rer vilket g\u00f6r det&hellip; <a class=\"more-link\" href=\"http:\/\/www.stpdk.org\/?page_id=63\">Continue reading <span class=\"screen-reader-text\">Utbildning<\/span><\/a><\/p>\n","protected":false},"author":1,"featured_media":0,"parent":0,"menu_order":0,"comment_status":"closed","ping_status":"closed","template":"","meta":{"footnotes":""},"class_list":["post-63","page","type-page","status-publish","hentry","entry"],"_links":{"self":[{"href":"http:\/\/www.stpdk.org\/index.php?rest_route=\/wp\/v2\/pages\/63","targetHints":{"allow":["GET"]}}],"collection":[{"href":"http:\/\/www.stpdk.org\/index.php?rest_route=\/wp\/v2\/pages"}],"about":[{"href":"http:\/\/www.stpdk.org\/index.php?rest_route=\/wp\/v2\/types\/page"}],"author":[{"embeddable":true,"href":"http:\/\/www.stpdk.org\/index.php?rest_route=\/wp\/v2\/users\/1"}],"replies":[{"embeddable":true,"href":"http:\/\/www.stpdk.org\/index.php?rest_route=%2Fwp%2Fv2%2Fcomments&post=63"}],"version-history":[{"count":1,"href":"http:\/\/www.stpdk.org\/index.php?rest_route=\/wp\/v2\/pages\/63\/revisions"}],"predecessor-version":[{"id":64,"href":"http:\/\/www.stpdk.org\/index.php?rest_route=\/wp\/v2\/pages\/63\/revisions\/64"}],"wp:attachment":[{"href":"http:\/\/www.stpdk.org\/index.php?rest_route=%2Fwp%2Fv2%2Fmedia&parent=63"}],"curies":[{"name":"wp","href":"https:\/\/api.w.org\/{rel}","templated":true}]}}